{"id":22,"date":"2021-02-09T19:03:53","date_gmt":"2021-02-10T00:03:53","guid":{"rendered":"https:\/\/www.lasorquideasbiz.com\/hostal\/?page_id=22"},"modified":"2021-11-08T10:35:56","modified_gmt":"2021-11-08T15:35:56","slug":"contacto","status":"publish","type":"page","link":"https:\/\/www.lasorquideasbiz.com\/hostal\/contacto\/","title":{"rendered":"Contacto"},"content":{"rendered":"\t\t<div data-elementor-type=\"wp-page\" data-elementor-id=\"22\" class=\"elementor elementor-22\" data-elementor-post-type=\"page\">\n\t\t\t\t\t\t<section class=\"elementor-section elementor-top-section elementor-element elementor-element-2fb2bd2 elementor-section-height-min-height elementor-section-boxed elementor-section-height-default elementor-section-items-middle\" data-id=\"2fb2bd2\" data-element_type=\"section\" data-settings=\"{&quot;background_background&quot;:&quot;classic&quot;}\">\n\t\t\t\t\t\t\t<div class=\"elementor-background-overlay\"><\/div>\n\t\t\t\t\t\t\t<div class=\"elementor-container elementor-column-gap-default\">\n\t\t\t\t\t<div class=\"elementor-column elementor-col-100 elementor-top-column elementor-element elementor-element-289c448\" data-id=\"289c448\" data-element_type=\"column\">\n\t\t\t<div class=\"elementor-widget-wrap elementor-element-populated\">\n\t\t\t\t\t\t<div class=\"elementor-element elementor-element-629acde elementor-widget elementor-widget-heading\" data-id=\"629acde\" data-element_type=\"widget\" data-widget_type=\"heading.default\">\n\t\t\t\t<div class=\"elementor-widget-container\">\n\t\t\t<h2 class=\"elementor-heading-title elementor-size-default\">Cont\u00e1ctanos!<\/h2>\t\t<\/div>\n\t\t\t\t<\/div>\n\t\t\t\t\t<\/div>\n\t\t<\/div>\n\t\t\t\t\t<\/div>\n\t\t<\/section>\n\t\t\t\t<section class=\"elementor-section elementor-top-section elementor-element elementor-element-4886758c elementor-section-content-middle elementor-section-boxed elementor-section-height-default elementor-section-height-default\" data-id=\"4886758c\" data-element_type=\"section\">\n\t\t\t\t\t\t<div class=\"elementor-container elementor-column-gap-no\">\n\t\t\t\t\t<div class=\"elementor-column elementor-col-100 elementor-top-column elementor-element elementor-element-5e6d0ac8\" data-id=\"5e6d0ac8\" data-element_type=\"column\">\n\t\t\t<div class=\"elementor-widget-wrap elementor-element-populated\">\n\t\t\t\t\t\t<div class=\"elementor-element elementor-element-efcedd1 animated-slow elementor-view-default elementor-invisible elementor-widget elementor-widget-icon\" data-id=\"efcedd1\" data-element_type=\"widget\" data-settings=\"{&quot;_animation&quot;:&quot;zoomIn&quot;}\" data-widget_type=\"icon.default\">\n\t\t\t\t<div class=\"elementor-widget-container\">\n\t\t\t\t\t<div class=\"elementor-icon-wrapper\">\n\t\t\t<div class=\"elementor-icon\">\n\t\t\t<svg xmlns=\"http:\/\/www.w3.org\/2000\/svg\" id=\"Icons\" height=\"512\" viewBox=\"0 0 74 74\" width=\"512\"><path d=\"m65.444 42.894a1.014 1.014 0 0 1 -.171-.015 1 1 0 0 1 -.815-1.155 27.865 27.865 0 0 0 -48.17-23.366 1 1 0 1 1 -1.488-1.339 29.863 29.863 0 0 1 51.629 25.044 1 1 0 0 1 -.985.831z\"><\/path><path d=\"m38.449 66.83a1 1 0 0 1 -.049-2 28.044 28.044 0 0 0 19.53-9.43 1 1 0 0 1 1.5 1.322 30.051 30.051 0 0 1 -20.93 10.107z\"><\/path><path d=\"m21.959 62.64a1 1 0 0 1 -.52-.146 28.535 28.535 0 0 1 -2.581-1.772 1 1 0 0 1 1.223-1.583 26.511 26.511 0 0 0 2.4 1.647 1 1 0 0 1 -.521 1.854z\"><\/path><path d=\"m13.941 55.35a1 1 0 0 1 -.8-.4 29.916 29.916 0 0 1 -5.567-23.011 1 1 0 0 1 1.971.341 27.54 27.54 0 0 0 5.194 21.468 1 1 0 0 1 -.2 1.4.989.989 0 0 1 -.598.202z\"><\/path><path d=\"m31.261 66.28a1.041 1.041 0 0 1 -.2-.02 30.627 30.627 0 0 1 -2.987-.764 1 1 0 0 1 .59-1.912 28.223 28.223 0 0 0 2.792.715 1 1 0 0 1 -.2 1.981z\"><\/path><path d=\"m65.444 42.894a1 1 0 0 1 -.817-.423l-3.927-5.556a1 1 0 1 1 1.633-1.155l3.349 4.74 4.739-3.348a1 1 0 0 1 1.154 1.634l-5.554 3.924a1 1 0 0 1 -.577.184z\"><\/path><path d=\"m12.482 38.663a1 1 0 0 1 -.817-.423l-3.349-4.74-4.739 3.348a1 1 0 0 1 -1.154-1.634l5.556-3.924a1 1 0 0 1 1.394.239l3.927 5.556a1 1 0 0 1 -.816 1.578z\"><\/path><path d=\"m51.416 47.272h-28.833a1 1 0 0 1 -1-1v-18.546a1 1 0 0 1 1-1h28.833a1 1 0 0 1 1 1v18.546a1 1 0 0 1 -1 1zm-27.833-2h26.833v-16.546h-26.833z\"><\/path><path d=\"m37 39.213a7.016 7.016 0 0 1 -4.589-1.713l-10.48-9.014a1 1 0 0 1 1.3-1.517l10.481 9.014a5 5 0 0 0 6.568 0l10.48-9.014a1 1 0 0 1 1.3 1.517l-10.471 9.014a7.025 7.025 0 0 1 -4.589 1.713z\"><\/path><path d=\"m22.583 47.274a1 1 0 0 1 -.652-1.758l10.782-9.274a1 1 0 0 1 1.3 1.517l-10.778 9.274a1 1 0 0 1 -.652.241z\"><\/path><path d=\"m51.417 47.274a1 1 0 0 1 -.652-.241l-10.783-9.274a1 1 0 0 1 1.3-1.517l10.782 9.274a1 1 0 0 1 -.652 1.758z\"><\/path><\/svg>\t\t\t<\/div>\n\t\t<\/div>\n\t\t\t\t<\/div>\n\t\t\t\t<\/div>\n\t\t\t\t<section class=\"elementor-section elementor-inner-section elementor-element elementor-element-57c1509c elementor-section-content-middle elementor-section-boxed elementor-section-height-default elementor-section-height-default\" data-id=\"57c1509c\" data-element_type=\"section\">\n\t\t\t\t\t\t<div class=\"elementor-container elementor-column-gap-no\">\n\t\t\t\t\t<div class=\"elementor-column elementor-col-50 elementor-inner-column elementor-element elementor-element-4fbf77b0\" data-id=\"4fbf77b0\" data-element_type=\"column\">\n\t\t\t<div class=\"elementor-widget-wrap elementor-element-populated\">\n\t\t\t\t\t\t<div class=\"elementor-element elementor-element-7efb219 elementor-widget elementor-widget-heading\" data-id=\"7efb219\" data-element_type=\"widget\" data-widget_type=\"heading.default\">\n\t\t\t\t<div class=\"elementor-widget-container\">\n\t\t\t<h2 class=\"elementor-heading-title elementor-size-default\">\u00a1Nos encantaria oir de ti!\nD\u00e9janos ayudarte a planificar tu visita.<br><br>\nCompleta el formulario a la derecha y nos comunicaremos contigo a la brevedad.<\/h2>\t\t<\/div>\n\t\t\t\t<\/div>\n\t\t\t\t<div class=\"elementor-element elementor-element-4cc8071 elementor-widget elementor-widget-text-editor\" data-id=\"4cc8071\" data-element_type=\"widget\" data-widget_type=\"text-editor.default\">\n\t\t\t\t<div class=\"elementor-widget-container\">\n\t\t\t\t\t\t\t<p>Para reservas, ll\u00e1manos o env\u00edanos un correo electr\u00f3nico. Estaremos encantados de atender tu solicitud. Tambi\u00e9n puedes visitar nuestras villas en <a href=\"https:\/\/www.booking.com\/hotel\/co\/las-orquideas-ecohostel.es.html?aid=1258472&amp;checkin=2021-03-08&amp;checkout=2021-03-09&amp;dest_id=-585798&amp;dest_type=city&amp;group_adults=2&amp;group_children=0&amp;label=Share-pWIF9b%401615244283&amp;no_rooms=1&amp;room1=A%2CA\">BOOKING<\/a>,\u00a0 <a href=\"https:\/\/www.airbnb.com\/users\/show\/212020306\">AIRBNB<\/a> Y <a href=\"https:\/\/www.expedia.com\/Guarne-Hotels-Room-Ezequiel.h59927538.Hotel-Information?eapid=0&amp;tpid=1\">VRBO<\/a> para hacer tu reservaci\u00f3n.<\/p><p><strong>Estamos a solo 17 minutos del aeropuerto internacional!\u00a0<\/strong><\/p>\t\t\t\t\t\t<\/div>\n\t\t\t\t<\/div>\n\t\t\t\t\t<\/div>\n\t\t<\/div>\n\t\t\t\t<div class=\"elementor-column elementor-col-50 elementor-inner-column elementor-element elementor-element-5c5e959c\" data-id=\"5c5e959c\" data-element_type=\"column\">\n\t\t\t<div class=\"elementor-widget-wrap elementor-element-populated\">\n\t\t\t\t\t\t<div class=\"elementor-element elementor-element-5743daa1 elementor-button-align-end elementor-widget elementor-widget-form\" data-id=\"5743daa1\" data-element_type=\"widget\" data-settings=\"{&quot;step_next_label&quot;:&quot;Next&quot;,&quot;step_previous_label&quot;:&quot;Previous&quot;,&quot;button_width&quot;:&quot;100&quot;,&quot;step_type&quot;:&quot;number_text&quot;,&quot;step_icon_shape&quot;:&quot;circle&quot;}\" data-widget_type=\"form.default\">\n\t\t\t\t<div class=\"elementor-widget-container\">\n\t\t\t\t\t<form class=\"elementor-form\" method=\"post\" name=\"Contacto\">\n\t\t\t<input type=\"hidden\" name=\"post_id\" value=\"22\"\/>\n\t\t\t<input type=\"hidden\" name=\"form_id\" value=\"5743daa1\"\/>\n\t\t\t<input type=\"hidden\" name=\"referer_title\" value=\"\" \/>\n\n\t\t\t\n\t\t\t<div class=\"elementor-form-fields-wrapper elementor-labels-\">\n\t\t\t\t\t\t\t\t<div class=\"elementor-field-type-text elementor-field-group elementor-column elementor-field-group-name elementor-col-100\">\n\t\t\t\t\t\t\t\t\t\t\t\t<label for=\"form-field-name\" class=\"elementor-field-label elementor-screen-only\">\n\t\t\t\t\t\t\t\tNombre\t\t\t\t\t\t\t<\/label>\n\t\t\t\t\t\t\t\t\t\t\t\t\t\t<input size=\"1\" type=\"text\" name=\"form_fields[name]\" id=\"form-field-name\" class=\"elementor-field elementor-size-sm  elementor-field-textual\" placeholder=\"Nombre\">\n\t\t\t\t\t\t\t\t\t\t\t<\/div>\n\t\t\t\t\t\t\t\t<div class=\"elementor-field-type-email elementor-field-group elementor-column elementor-field-group-email elementor-col-100 elementor-field-required\">\n\t\t\t\t\t\t\t\t\t\t\t\t<label for=\"form-field-email\" class=\"elementor-field-label elementor-screen-only\">\n\t\t\t\t\t\t\t\tEmail\t\t\t\t\t\t\t<\/label>\n\t\t\t\t\t\t\t\t\t\t\t\t\t\t<input size=\"1\" type=\"email\" name=\"form_fields[email]\" id=\"form-field-email\" class=\"elementor-field elementor-size-sm  elementor-field-textual\" placeholder=\"Email\" required=\"required\" aria-required=\"true\">\n\t\t\t\t\t\t\t\t\t\t\t<\/div>\n\t\t\t\t\t\t\t\t<div class=\"elementor-field-type-text elementor-field-group elementor-column elementor-field-group-field_faea7d7 elementor-col-100 elementor-field-required\">\n\t\t\t\t\t\t\t\t\t\t\t\t<label for=\"form-field-field_faea7d7\" class=\"elementor-field-label elementor-screen-only\">\n\t\t\t\t\t\t\t\tTel\u00e9fono\t\t\t\t\t\t\t<\/label>\n\t\t\t\t\t\t\t\t\t\t\t\t\t\t<input size=\"1\" type=\"text\" name=\"form_fields[field_faea7d7]\" id=\"form-field-field_faea7d7\" class=\"elementor-field elementor-size-sm  elementor-field-textual\" placeholder=\"Tel\u00e9fono\" required=\"required\" aria-required=\"true\">\n\t\t\t\t\t\t\t\t\t\t\t<\/div>\n\t\t\t\t\t\t\t\t<div class=\"elementor-field-type-textarea elementor-field-group elementor-column elementor-field-group-message elementor-col-100\">\n\t\t\t\t\t\t\t\t\t\t\t\t<label for=\"form-field-message\" class=\"elementor-field-label elementor-screen-only\">\n\t\t\t\t\t\t\t\tMensaje\t\t\t\t\t\t\t<\/label>\n\t\t\t\t\t\t<textarea class=\"elementor-field-textual elementor-field  elementor-size-sm\" name=\"form_fields[message]\" id=\"form-field-message\" rows=\"4\" placeholder=\"D\u00e9janos tu mensaje\"><\/textarea>\t\t\t\t<\/div>\n\t\t\t\t\t\t\t\t<div class=\"elementor-field-group elementor-column elementor-field-type-submit elementor-col-100 e-form__buttons\">\n\t\t\t\t\t<button class=\"elementor-button elementor-size-sm elementor-animation-grow\" type=\"submit\">\n\t\t\t\t\t\t<span class=\"elementor-button-content-wrapper\">\n\t\t\t\t\t\t\t\t\t\t\t\t\t\t\t\t\t\t\t\t\t\t<span class=\"elementor-button-text\">Enviar<\/span>\n\t\t\t\t\t\t\t\t\t\t\t\t\t<\/span>\n\t\t\t\t\t<\/button>\n\t\t\t\t<\/div>\n\t\t\t<\/div>\n\t\t<\/form>\n\t\t\t\t<\/div>\n\t\t\t\t<\/div>\n\t\t\t\t\t<\/div>\n\t\t<\/div>\n\t\t\t\t\t<\/div>\n\t\t<\/section>\n\t\t\t\t\t<\/div>\n\t\t<\/div>\n\t\t\t\t\t<\/div>\n\t\t<\/section>\n\t\t\t\t<section class=\"elementor-section elementor-top-section elementor-element elementor-element-78470356 elementor-section-content-middle elementor-section-full_width elementor-section-height-default elementor-section-height-default\" data-id=\"78470356\" data-element_type=\"section\">\n\t\t\t\t\t\t<div class=\"elementor-container elementor-column-gap-no\">\n\t\t\t\t\t<div class=\"elementor-column elementor-col-100 elementor-top-column elementor-element elementor-element-1fd2115a\" data-id=\"1fd2115a\" data-element_type=\"column\">\n\t\t\t<div class=\"elementor-widget-wrap elementor-element-populated\">\n\t\t\t\t\t\t<div class=\"elementor-element elementor-element-4508731 elementor-widget elementor-widget-google_maps\" data-id=\"4508731\" data-element_type=\"widget\" data-widget_type=\"google_maps.default\">\n\t\t\t\t<div class=\"elementor-widget-container\">\n\t\t\t\t\t<div class=\"elementor-custom-embed\">\n\t\t\t<iframe loading=\"lazy\"\n\t\t\t\t\tsrc=\"https:\/\/maps.google.com\/maps?q=Eco%20Hostel%20Las%20Orquideas&#038;t=m&#038;z=10&#038;output=embed&#038;iwloc=near\"\n\t\t\t\t\ttitle=\"Eco Hostel Las Orquideas\"\n\t\t\t\t\taria-label=\"Eco Hostel Las Orquideas\"\n\t\t\t><\/iframe>\n\t\t<\/div>\n\t\t\t\t<\/div>\n\t\t\t\t<\/div>\n\t\t\t\t\t<\/div>\n\t\t<\/div>\n\t\t\t\t\t<\/div>\n\t\t<\/section>\n\t\t\t\t<section class=\"elementor-section elementor-top-section elementor-element elementor-element-bfe3fe9 elementor-section-content-middle elementor-section-boxed elementor-section-height-default elementor-section-height-default\" data-id=\"bfe3fe9\" data-element_type=\"section\">\n\t\t\t\t\t\t<div class=\"elementor-container elementor-column-gap-no\">\n\t\t\t\t\t<div class=\"elementor-column elementor-col-100 elementor-top-column elementor-element elementor-element-0b02e7b\" data-id=\"0b02e7b\" data-element_type=\"column\">\n\t\t\t<div class=\"elementor-widget-wrap elementor-element-populated\">\n\t\t\t\t\t\t<section class=\"elementor-section elementor-inner-section elementor-element elementor-element-0684cde elementor-section-content-middle elementor-section-boxed elementor-section-height-default elementor-section-height-default\" data-id=\"0684cde\" data-element_type=\"section\">\n\t\t\t\t\t\t<div class=\"elementor-container elementor-column-gap-no\">\n\t\t\t\t\t<div class=\"elementor-column elementor-col-50 elementor-inner-column elementor-element elementor-element-a6c434b\" data-id=\"a6c434b\" data-element_type=\"column\">\n\t\t\t<div class=\"elementor-widget-wrap elementor-element-populated\">\n\t\t\t\t\t\t<div class=\"elementor-element elementor-element-f16b2ea elementor-widget elementor-widget-heading\" data-id=\"f16b2ea\" data-element_type=\"widget\" data-widget_type=\"heading.default\">\n\t\t\t\t<div class=\"elementor-widget-container\">\n\t\t\t<h2 class=\"elementor-heading-title elementor-size-default\">Haremos de tu estad\u00eda<BR> algo muy especial!<\/h2>\t\t<\/div>\n\t\t\t\t<\/div>\n\t\t\t\t<div class=\"elementor-element elementor-element-d4e7dff elementor-widget-divider--view-line elementor-widget elementor-widget-divider\" data-id=\"d4e7dff\" data-element_type=\"widget\" data-widget_type=\"divider.default\">\n\t\t\t\t<div class=\"elementor-widget-container\">\n\t\t\t\t\t<div class=\"elementor-divider\">\n\t\t\t<span class=\"elementor-divider-separator\">\n\t\t\t\t\t\t<\/span>\n\t\t<\/div>\n\t\t\t\t<\/div>\n\t\t\t\t<\/div>\n\t\t\t\t<div class=\"elementor-element elementor-element-6660b43 elementor-widget elementor-widget-heading\" data-id=\"6660b43\" data-element_type=\"widget\" data-widget_type=\"heading.default\">\n\t\t\t\t<div class=\"elementor-widget-container\">\n\t\t\t<h2 class=\"elementor-heading-title elementor-size-default\">Es tu momento de disfrutar, reconectar y rejuvenecer, v\u00edvelo exactamente de la manera que lo so\u00f1aste!<\/h2>\t\t<\/div>\n\t\t\t\t<\/div>\n\t\t\t\t\t<\/div>\n\t\t<\/div>\n\t\t\t\t<div class=\"elementor-column elementor-col-50 elementor-inner-column elementor-element elementor-element-a4a5a51\" data-id=\"a4a5a51\" data-element_type=\"column\">\n\t\t\t<div class=\"elementor-widget-wrap elementor-element-populated\">\n\t\t\t\t\t\t<div class=\"elementor-element elementor-element-db42771 elementor-widget elementor-widget-text-editor\" data-id=\"db42771\" data-element_type=\"widget\" data-widget_type=\"text-editor.default\">\n\t\t\t\t<div class=\"elementor-widget-container\">\n\t\t\t\t\t\t\t<p><em><strong>Planifica tu estancia con nosotros!<\/strong><\/em> Ofrecemos muchas actividades dentro y fuera de nuestro hostal. \u00a1Podemos adaptar tu viaje a Colombia para que sea como lo so\u00f1aste! Incluye toda la aventura o relajaci\u00f3n que quieras.<\/p><p>Desde cabalgatas, caminatas, rafting, sesiones de curaci\u00f3n y masajes, cenas rom\u00e1nticas o simples caminatas en la naturaleza, <em><strong>podemos crear la escapada perfecta para ti y tu familia.<\/strong><\/em><\/p><p>Nuestra cocina puede adaptarse a todas las restricciones diet\u00e9ticas, y podemos organizar todo tipo de actividades seg\u00fan tu inter\u00e9s!<\/p><p><em><strong>\u00a1Habla con nosotros!<\/strong><\/em><\/p>\t\t\t\t\t\t<\/div>\n\t\t\t\t<\/div>\n\t\t\t\t\t<\/div>\n\t\t<\/div>\n\t\t\t\t\t<\/div>\n\t\t<\/section>\n\t\t\t\t\t<\/div>\n\t\t<\/div>\n\t\t\t\t\t<\/div>\n\t\t<\/section>\n\t\t\t\t<\/div>\n\t\t","protected":false},"excerpt":{"rendered":"<p>Cont\u00e1ctanos! \u00a1Nos encantaria oir de ti! D\u00e9janos ayudarte a planificar tu visita. Completa el formulario a la derecha y nos comunicaremos contigo a la brevedad. Para reservas, ll\u00e1manos o env\u00edanos un correo electr\u00f3nico. Estaremos encantados de atender tu solicitud. Tambi\u00e9n puedes visitar nuestras villas en BOOKING,\u00a0 AIRBNB Y VRBO para hacer tu reservaci\u00f3n. Estamos a &#8230; <a title=\"Contacto\" class=\"read-more\" href=\"https:\/\/www.lasorquideasbiz.com\/hostal\/contacto\/\" aria-label=\"M\u00e1s en Contacto\">Leer m\u00e1s<\/a><\/p>\n","protected":false},"author":1,"featured_media":0,"parent":0,"menu_order":0,"comment_status":"closed","ping_status":"closed","template":"elementor_header_footer","meta":{"footnotes":""},"class_list":["post-22","page","type-page","status-publish"],"_links":{"self":[{"href":"https:\/\/www.lasorquideasbiz.com\/hostal\/wp-json\/wp\/v2\/pages\/22"}],"collection":[{"href":"https:\/\/www.lasorquideasbiz.com\/hostal\/wp-json\/wp\/v2\/pages"}],"about":[{"href":"https:\/\/www.lasorquideasbiz.com\/hostal\/wp-json\/wp\/v2\/types\/page"}],"author":[{"embeddable":true,"href":"https:\/\/www.lasorquideasbiz.com\/hostal\/wp-json\/wp\/v2\/users\/1"}],"replies":[{"embeddable":true,"href":"https:\/\/www.lasorquideasbiz.com\/hostal\/wp-json\/wp\/v2\/comments?post=22"}],"version-history":[{"count":26,"href":"https:\/\/www.lasorquideasbiz.com\/hostal\/wp-json\/wp\/v2\/pages\/22\/revisions"}],"predecessor-version":[{"id":1199,"href":"https:\/\/www.lasorquideasbiz.com\/hostal\/wp-json\/wp\/v2\/pages\/22\/revisions\/1199"}],"wp:attachment":[{"href":"https:\/\/www.lasorquideasbiz.com\/hostal\/wp-json\/wp\/v2\/media?parent=22"}],"curies":[{"name":"wp","href":"https:\/\/api.w.org\/{rel}","templated":true}]}}