{"id":300,"date":"2021-02-17T20:02:51","date_gmt":"2021-02-18T01:02:51","guid":{"rendered":"https:\/\/www.lasorquideasbiz.com\/hostal\/?page_id=300"},"modified":"2023-07-26T16:34:51","modified_gmt":"2023-07-26T21:34:51","slug":"en-el-hostel","status":"publish","type":"page","link":"https:\/\/www.lasorquideasbiz.com\/hostal\/en-el-hostel\/","title":{"rendered":"En el hostel"},"content":{"rendered":"\t\t<div data-elementor-type=\"wp-page\" data-elementor-id=\"300\" class=\"elementor elementor-300\" data-elementor-post-type=\"page\">\n\t\t\t\t\t\t<section class=\"elementor-section elementor-top-section elementor-element elementor-element-59f3dd7 elementor-section-height-min-height elementor-section-boxed elementor-section-height-default elementor-section-items-middle\" data-id=\"59f3dd7\" data-element_type=\"section\" data-settings=\"{&quot;background_background&quot;:&quot;classic&quot;}\">\n\t\t\t\t\t\t\t<div class=\"elementor-background-overlay\"><\/div>\n\t\t\t\t\t\t\t<div class=\"elementor-container elementor-column-gap-default\">\n\t\t\t\t\t<div class=\"elementor-column elementor-col-100 elementor-top-column elementor-element elementor-element-018e293\" data-id=\"018e293\" data-element_type=\"column\">\n\t\t\t<div class=\"elementor-widget-wrap elementor-element-populated\">\n\t\t\t\t\t\t<div class=\"elementor-element elementor-element-81274bb elementor-widget elementor-widget-heading\" data-id=\"81274bb\" data-element_type=\"widget\" data-widget_type=\"heading.default\">\n\t\t\t\t<div class=\"elementor-widget-container\">\n\t\t\t<h2 class=\"elementor-heading-title elementor-size-default\">En el hostel<\/h2>\t\t<\/div>\n\t\t\t\t<\/div>\n\t\t\t\t\t<\/div>\n\t\t<\/div>\n\t\t\t\t\t<\/div>\n\t\t<\/section>\n\t\t\t\t<section class=\"elementor-section elementor-top-section elementor-element elementor-element-27f2913 elementor-section-boxed elementor-section-height-default elementor-section-height-default\" data-id=\"27f2913\" data-element_type=\"section\" data-settings=\"{&quot;background_background&quot;:&quot;classic&quot;}\">\n\t\t\t\t\t\t<div class=\"elementor-container elementor-column-gap-default\">\n\t\t\t\t\t<div class=\"elementor-column elementor-col-100 elementor-top-column elementor-element elementor-element-66716ad\" data-id=\"66716ad\" data-element_type=\"column\">\n\t\t\t<div class=\"elementor-widget-wrap elementor-element-populated\">\n\t\t\t\t\t\t<section class=\"elementor-section elementor-inner-section elementor-element elementor-element-8773450 elementor-section-boxed elementor-section-height-default elementor-section-height-default\" data-id=\"8773450\" data-element_type=\"section\">\n\t\t\t\t\t\t<div class=\"elementor-container elementor-column-gap-default\">\n\t\t\t\t\t<div class=\"elementor-column elementor-col-50 elementor-inner-column elementor-element elementor-element-15d303c\" data-id=\"15d303c\" data-element_type=\"column\">\n\t\t\t<div class=\"elementor-widget-wrap elementor-element-populated\">\n\t\t\t\t\t\t<div class=\"elementor-element elementor-element-85a4594 elementor-hidden-tablet elementor-hidden-phone elementor-widget elementor-widget-image\" data-id=\"85a4594\" data-element_type=\"widget\" data-widget_type=\"image.default\">\n\t\t\t\t<div class=\"elementor-widget-container\">\n\t\t\t\t\t\t\t\t\t\t\t\t\t<img fetchpriority=\"high\" decoding=\"async\" width=\"434\" height=\"586\" src=\"https:\/\/www.lasorquideasbiz.com\/hostal\/wp-content\/uploads\/2021\/03\/aviso.png\" class=\"attachment-large size-large wp-image-861\" alt=\"\" srcset=\"https:\/\/www.lasorquideasbiz.com\/hostal\/wp-content\/uploads\/2021\/03\/aviso.png 434w, https:\/\/www.lasorquideasbiz.com\/hostal\/wp-content\/uploads\/2021\/03\/aviso-222x300.png 222w\" sizes=\"(max-width: 434px) 100vw, 434px\" \/>\t\t\t\t\t\t\t\t\t\t\t\t\t<\/div>\n\t\t\t\t<\/div>\n\t\t\t\t\t<\/div>\n\t\t<\/div>\n\t\t\t\t<div class=\"elementor-column elementor-col-50 elementor-inner-column elementor-element elementor-element-03f354c\" data-id=\"03f354c\" data-element_type=\"column\">\n\t\t\t<div class=\"elementor-widget-wrap elementor-element-populated\">\n\t\t\t\t\t\t<div class=\"elementor-element elementor-element-07ebaf3 elementor-widget elementor-widget-text-editor\" data-id=\"07ebaf3\" data-element_type=\"widget\" data-widget_type=\"text-editor.default\">\n\t\t\t\t<div class=\"elementor-widget-container\">\n\t\t\t\t\t\t\t<p>Desde caminatas contemplativas hasta cocina al aire libre. No necesitas salir de la Finca para experimentar d\u00edas llenos de actividades y alegr\u00eda. El hostal Las Orqu\u00eddeas te ofrece entretenimiento para ti y tu familia.<\/p>\t\t\t\t\t\t<\/div>\n\t\t\t\t<\/div>\n\t\t\t\t\t<\/div>\n\t\t<\/div>\n\t\t\t\t\t<\/div>\n\t\t<\/section>\n\t\t\t\t\t<\/div>\n\t\t<\/div>\n\t\t\t\t\t<\/div>\n\t\t<\/section>\n\t\t\t\t<section class=\"elementor-section elementor-top-section elementor-element elementor-element-a7a77cb elementor-section-boxed elementor-section-height-default elementor-section-height-default\" data-id=\"a7a77cb\" data-element_type=\"section\" data-settings=\"{&quot;background_background&quot;:&quot;classic&quot;}\">\n\t\t\t\t\t\t<div class=\"elementor-container elementor-column-gap-default\">\n\t\t\t\t\t<div class=\"elementor-column elementor-col-50 elementor-top-column elementor-element elementor-element-f8d0149 elementor-invisible\" data-id=\"f8d0149\" data-element_type=\"column\" data-settings=\"{&quot;animation&quot;:&quot;slideInLeft&quot;}\">\n\t\t\t<div class=\"elementor-widget-wrap elementor-element-populated\">\n\t\t\t\t\t\t<div class=\"elementor-element elementor-element-304796b elementor-widget elementor-widget-heading\" data-id=\"304796b\" data-element_type=\"widget\" data-widget_type=\"heading.default\">\n\t\t\t\t<div class=\"elementor-widget-container\">\n\t\t\t<h2 class=\"elementor-heading-title elementor-size-default\">Cocina al aire libre <\/h2>\t\t<\/div>\n\t\t\t\t<\/div>\n\t\t\t\t<div class=\"elementor-element elementor-element-9e671d3 elementor-widget-divider--view-line elementor-widget elementor-widget-divider\" data-id=\"9e671d3\" data-element_type=\"widget\" data-widget_type=\"divider.default\">\n\t\t\t\t<div class=\"elementor-widget-container\">\n\t\t\t\t\t<div class=\"elementor-divider\">\n\t\t\t<span class=\"elementor-divider-separator\">\n\t\t\t\t\t\t<\/span>\n\t\t<\/div>\n\t\t\t\t<\/div>\n\t\t\t\t<\/div>\n\t\t\t\t<div class=\"elementor-element elementor-element-fccc87a elementor-widget elementor-widget-image\" data-id=\"fccc87a\" data-element_type=\"widget\" data-widget_type=\"image.default\">\n\t\t\t\t<div class=\"elementor-widget-container\">\n\t\t\t\t\t\t\t\t\t\t\t\t\t<img decoding=\"async\" width=\"1024\" height=\"760\" src=\"https:\/\/www.lasorquideasbiz.com\/hostal\/wp-content\/uploads\/2021\/02\/en-el-hotel-02-1024x760.jpg\" class=\"attachment-large size-large wp-image-325\" alt=\"\" srcset=\"https:\/\/www.lasorquideasbiz.com\/hostal\/wp-content\/uploads\/2021\/02\/en-el-hotel-02-1024x760.jpg 1024w, https:\/\/www.lasorquideasbiz.com\/hostal\/wp-content\/uploads\/2021\/02\/en-el-hotel-02-600x445.jpg 600w, https:\/\/www.lasorquideasbiz.com\/hostal\/wp-content\/uploads\/2021\/02\/en-el-hotel-02-300x223.jpg 300w, https:\/\/www.lasorquideasbiz.com\/hostal\/wp-content\/uploads\/2021\/02\/en-el-hotel-02-768x570.jpg 768w, https:\/\/www.lasorquideasbiz.com\/hostal\/wp-content\/uploads\/2021\/02\/en-el-hotel-02-1536x1140.jpg 1536w, https:\/\/www.lasorquideasbiz.com\/hostal\/wp-content\/uploads\/2021\/02\/en-el-hotel-02.jpg 1547w\" sizes=\"(max-width: 1024px) 100vw, 1024px\" \/>\t\t\t\t\t\t\t\t\t\t\t\t\t<\/div>\n\t\t\t\t<\/div>\n\t\t\t\t<div class=\"elementor-element elementor-element-2b28e15 elementor-widget elementor-widget-text-editor\" data-id=\"2b28e15\" data-element_type=\"widget\" data-widget_type=\"text-editor.default\">\n\t\t\t\t<div class=\"elementor-widget-container\">\n\t\t\t\t\t\t\t<p>Disfruta deliciosas comidas \u201cal fresco\u201d en nuestra cocina tradicional al aire libre, rodeada de animales, naturaleza y aire fresco de monta\u00f1a.<\/p><p><em><strong>Nuestros cocineros colombianos te deleitar\u00e1n con preparaciones t\u00edpicas de la zona<\/strong><\/em>, aprende a hacer arepas o los mejores \u201cfrijoles\u201d utilizando las recetas de nuestra propia familia.<\/p><p>Nuestros productos frescos llegan directamente de la granja a tu mesa.\u00a0<\/p>\t\t\t\t\t\t<\/div>\n\t\t\t\t<\/div>\n\t\t\t\t\t<\/div>\n\t\t<\/div>\n\t\t\t\t<div class=\"elementor-column elementor-col-50 elementor-top-column elementor-element elementor-element-702ee01 elementor-invisible\" data-id=\"702ee01\" data-element_type=\"column\" data-settings=\"{&quot;animation&quot;:&quot;slideInRight&quot;}\">\n\t\t\t<div class=\"elementor-widget-wrap elementor-element-populated\">\n\t\t\t\t\t\t<div class=\"elementor-element elementor-element-00c3d54 elementor-widget elementor-widget-heading\" data-id=\"00c3d54\" data-element_type=\"widget\" data-widget_type=\"heading.default\">\n\t\t\t\t<div class=\"elementor-widget-container\">\n\t\t\t<h2 class=\"elementor-heading-title elementor-size-default\">Granja de animales<\/h2>\t\t<\/div>\n\t\t\t\t<\/div>\n\t\t\t\t<div class=\"elementor-element elementor-element-5d7303f elementor-widget-divider--view-line elementor-widget elementor-widget-divider\" data-id=\"5d7303f\" data-element_type=\"widget\" data-widget_type=\"divider.default\">\n\t\t\t\t<div class=\"elementor-widget-container\">\n\t\t\t\t\t<div class=\"elementor-divider\">\n\t\t\t<span class=\"elementor-divider-separator\">\n\t\t\t\t\t\t<\/span>\n\t\t<\/div>\n\t\t\t\t<\/div>\n\t\t\t\t<\/div>\n\t\t\t\t<div class=\"elementor-element elementor-element-9da76dd elementor-widget elementor-widget-image\" data-id=\"9da76dd\" data-element_type=\"widget\" data-widget_type=\"image.default\">\n\t\t\t\t<div class=\"elementor-widget-container\">\n\t\t\t\t\t\t\t\t\t\t\t\t\t<img decoding=\"async\" width=\"1024\" height=\"775\" src=\"https:\/\/www.lasorquideasbiz.com\/hostal\/wp-content\/uploads\/2021\/03\/Recurso-1-1024x775.png\" class=\"attachment-large size-large wp-image-884\" alt=\"\" srcset=\"https:\/\/www.lasorquideasbiz.com\/hostal\/wp-content\/uploads\/2021\/03\/Recurso-1-1024x775.png 1024w, https:\/\/www.lasorquideasbiz.com\/hostal\/wp-content\/uploads\/2021\/03\/Recurso-1-600x454.png 600w, https:\/\/www.lasorquideasbiz.com\/hostal\/wp-content\/uploads\/2021\/03\/Recurso-1-300x227.png 300w, https:\/\/www.lasorquideasbiz.com\/hostal\/wp-content\/uploads\/2021\/03\/Recurso-1-768x581.png 768w, https:\/\/www.lasorquideasbiz.com\/hostal\/wp-content\/uploads\/2021\/03\/Recurso-1.png 1473w\" sizes=\"(max-width: 1024px) 100vw, 1024px\" \/>\t\t\t\t\t\t\t\t\t\t\t\t\t<\/div>\n\t\t\t\t<\/div>\n\t\t\t\t<div class=\"elementor-element elementor-element-e99e7ee elementor-widget elementor-widget-text-editor\" data-id=\"e99e7ee\" data-element_type=\"widget\" data-widget_type=\"text-editor.default\">\n\t\t\t\t<div class=\"elementor-widget-container\">\n\t\t\t\t\t\t\t<p>Amamos a los animales. En nuestro albergue hemos creado un entorno sostenible donde todos los seres vivos conviven en armon\u00eda. La mayor\u00eda de nuestros animales deambulan libremente por las propiedades: pavos reales, aves, gallinas, cabras, caballos y varias especies de ranas y anfibios nativos.<\/p><p><strong><em>\u00a1mira si puedes ver el raro pavo real albino!<\/em><\/strong><\/p><p>Puedes alimentar a algunos de los animales y contemplarlos en su h\u00e1bitat natural. Tambi\u00e9n tenemos galardonados pastores alemanes en nuestra propia perrera de pastores alemanes<\/p>\t\t\t\t\t\t<\/div>\n\t\t\t\t<\/div>\n\t\t\t\t\t<\/div>\n\t\t<\/div>\n\t\t\t\t\t<\/div>\n\t\t<\/section>\n\t\t\t\t<section class=\"elementor-section elementor-top-section elementor-element elementor-element-e3ef8f4 elementor-section-boxed elementor-section-height-default elementor-section-height-default\" data-id=\"e3ef8f4\" data-element_type=\"section\" data-settings=\"{&quot;background_background&quot;:&quot;classic&quot;}\">\n\t\t\t\t\t\t<div class=\"elementor-container elementor-column-gap-default\">\n\t\t\t\t\t<div class=\"elementor-column elementor-col-50 elementor-top-column elementor-element elementor-element-6a1da55 elementor-invisible\" data-id=\"6a1da55\" data-element_type=\"column\" data-settings=\"{&quot;animation&quot;:&quot;slideInLeft&quot;}\">\n\t\t\t<div class=\"elementor-widget-wrap elementor-element-populated\">\n\t\t\t\t\t\t<div class=\"elementor-element elementor-element-d88d925 elementor-widget elementor-widget-heading\" data-id=\"d88d925\" data-element_type=\"widget\" data-widget_type=\"heading.default\">\n\t\t\t\t<div class=\"elementor-widget-container\">\n\t\t\t<h2 class=\"elementor-heading-title elementor-size-default\">La fogata<\/h2>\t\t<\/div>\n\t\t\t\t<\/div>\n\t\t\t\t<div class=\"elementor-element elementor-element-1469354 elementor-widget-divider--view-line elementor-widget elementor-widget-divider\" data-id=\"1469354\" data-element_type=\"widget\" data-widget_type=\"divider.default\">\n\t\t\t\t<div class=\"elementor-widget-container\">\n\t\t\t\t\t<div class=\"elementor-divider\">\n\t\t\t<span class=\"elementor-divider-separator\">\n\t\t\t\t\t\t<\/span>\n\t\t<\/div>\n\t\t\t\t<\/div>\n\t\t\t\t<\/div>\n\t\t\t\t<div class=\"elementor-element elementor-element-0191259 elementor-widget elementor-widget-image\" data-id=\"0191259\" data-element_type=\"widget\" data-widget_type=\"image.default\">\n\t\t\t\t<div class=\"elementor-widget-container\">\n\t\t\t\t\t\t\t\t\t\t\t\t\t<img loading=\"lazy\" decoding=\"async\" width=\"1024\" height=\"760\" src=\"https:\/\/www.lasorquideasbiz.com\/hostal\/wp-content\/uploads\/2021\/02\/en-el-hotel-04-1024x760.jpg\" class=\"attachment-large size-large wp-image-327\" alt=\"\" srcset=\"https:\/\/www.lasorquideasbiz.com\/hostal\/wp-content\/uploads\/2021\/02\/en-el-hotel-04-1024x760.jpg 1024w, https:\/\/www.lasorquideasbiz.com\/hostal\/wp-content\/uploads\/2021\/02\/en-el-hotel-04-600x445.jpg 600w, https:\/\/www.lasorquideasbiz.com\/hostal\/wp-content\/uploads\/2021\/02\/en-el-hotel-04-300x223.jpg 300w, https:\/\/www.lasorquideasbiz.com\/hostal\/wp-content\/uploads\/2021\/02\/en-el-hotel-04-768x570.jpg 768w, https:\/\/www.lasorquideasbiz.com\/hostal\/wp-content\/uploads\/2021\/02\/en-el-hotel-04-1536x1140.jpg 1536w, https:\/\/www.lasorquideasbiz.com\/hostal\/wp-content\/uploads\/2021\/02\/en-el-hotel-04.jpg 1547w\" sizes=\"(max-width: 1024px) 100vw, 1024px\" \/>\t\t\t\t\t\t\t\t\t\t\t\t\t<\/div>\n\t\t\t\t<\/div>\n\t\t\t\t<div class=\"elementor-element elementor-element-d34e8b8 elementor-widget elementor-widget-text-editor\" data-id=\"d34e8b8\" data-element_type=\"widget\" data-widget_type=\"text-editor.default\">\n\t\t\t\t<div class=\"elementor-widget-container\">\n\t\t\t\t\t\t\t<p>Nada mejor en las noches de vacaciones en la monta\u00f1a que la calidez de una<em><strong> acogedora chimenea rodeada de amigos y familiares.<\/strong><\/em><\/p><p>Disfruta de las noches bajo las estrellas alrededor de la fogata. Disfruta de una buena conversaci\u00f3n, bebidas tradicionales calientes y el sonido de nuestro anfitri\u00f3n tocando la guitarra, al estilo colombiano.<\/p>\t\t\t\t\t\t<\/div>\n\t\t\t\t<\/div>\n\t\t\t\t\t<\/div>\n\t\t<\/div>\n\t\t\t\t<div class=\"elementor-column elementor-col-50 elementor-top-column elementor-element elementor-element-c1f5ff2 elementor-hidden-desktop elementor-hidden-tablet elementor-hidden-mobile elementor-invisible\" data-id=\"c1f5ff2\" data-element_type=\"column\" data-settings=\"{&quot;animation&quot;:&quot;slideInRight&quot;}\">\n\t\t\t<div class=\"elementor-widget-wrap elementor-element-populated\">\n\t\t\t\t\t\t<div class=\"elementor-element elementor-element-70f4633 elementor-widget elementor-widget-heading\" data-id=\"70f4633\" data-element_type=\"widget\" data-widget_type=\"heading.default\">\n\t\t\t\t<div class=\"elementor-widget-container\">\n\t\t\t<h2 class=\"elementor-heading-title elementor-size-default\">Arroyuelo y pesca<\/h2>\t\t<\/div>\n\t\t\t\t<\/div>\n\t\t\t\t<div class=\"elementor-element elementor-element-06ac876 elementor-widget-divider--view-line elementor-widget elementor-widget-divider\" data-id=\"06ac876\" data-element_type=\"widget\" data-widget_type=\"divider.default\">\n\t\t\t\t<div class=\"elementor-widget-container\">\n\t\t\t\t\t<div class=\"elementor-divider\">\n\t\t\t<span class=\"elementor-divider-separator\">\n\t\t\t\t\t\t<\/span>\n\t\t<\/div>\n\t\t\t\t<\/div>\n\t\t\t\t<\/div>\n\t\t\t\t<div class=\"elementor-element elementor-element-249612a elementor-widget elementor-widget-image\" data-id=\"249612a\" data-element_type=\"widget\" data-widget_type=\"image.default\">\n\t\t\t\t<div class=\"elementor-widget-container\">\n\t\t\t\t\t\t\t\t\t\t\t\t\t<img loading=\"lazy\" decoding=\"async\" width=\"1024\" height=\"788\" src=\"https:\/\/www.lasorquideasbiz.com\/hostal\/wp-content\/uploads\/2021\/03\/Recurso-2-1024x788.png\" class=\"attachment-large size-large wp-image-888\" alt=\"\" srcset=\"https:\/\/www.lasorquideasbiz.com\/hostal\/wp-content\/uploads\/2021\/03\/Recurso-2-1024x788.png 1024w, https:\/\/www.lasorquideasbiz.com\/hostal\/wp-content\/uploads\/2021\/03\/Recurso-2-600x462.png 600w, https:\/\/www.lasorquideasbiz.com\/hostal\/wp-content\/uploads\/2021\/03\/Recurso-2-300x231.png 300w, https:\/\/www.lasorquideasbiz.com\/hostal\/wp-content\/uploads\/2021\/03\/Recurso-2-768x591.png 768w, https:\/\/www.lasorquideasbiz.com\/hostal\/wp-content\/uploads\/2021\/03\/Recurso-2.png 1473w\" sizes=\"(max-width: 1024px) 100vw, 1024px\" \/>\t\t\t\t\t\t\t\t\t\t\t\t\t<\/div>\n\t\t\t\t<\/div>\n\t\t\t\t<div class=\"elementor-element elementor-element-aca7bf1 elementor-widget elementor-widget-text-editor\" data-id=\"aca7bf1\" data-element_type=\"widget\" data-widget_type=\"text-editor.default\">\n\t\t\t\t<div class=\"elementor-widget-container\">\n\t\t\t\t\t\t\t<p>El agua pura que viene directamente de la monta\u00f1a pasa a trav\u00e9s del albergue.<\/p><p><em><strong> Patos cisnes y una gran variedad de peces pueblan nuestro peque\u00f1o estanque, <\/strong><\/em>disfruta del sonido meditativo del agua o simplemente ponte a pescar.<\/p><p>Puedes asar lo que pescas en nuestra propia parrilla al aire libre.<\/p>\t\t\t\t\t\t<\/div>\n\t\t\t\t<\/div>\n\t\t\t\t\t<\/div>\n\t\t<\/div>\n\t\t\t\t\t<\/div>\n\t\t<\/section>\n\t\t\t\t<\/div>\n\t\t","protected":false},"excerpt":{"rendered":"<p>En el hostel Desde caminatas contemplativas hasta cocina al aire libre. No necesitas salir de la Finca para experimentar d\u00edas llenos de actividades y alegr\u00eda. El hostal Las Orqu\u00eddeas te ofrece entretenimiento para ti y tu familia. Cocina al aire libre Disfruta deliciosas comidas \u201cal fresco\u201d en nuestra cocina tradicional al aire libre, rodeada de &#8230; <a title=\"En el hostel\" class=\"read-more\" href=\"https:\/\/www.lasorquideasbiz.com\/hostal\/en-el-hostel\/\" aria-label=\"M\u00e1s en En el hostel\">Leer m\u00e1s<\/a><\/p>\n","protected":false},"author":1,"featured_media":0,"parent":0,"menu_order":0,"comment_status":"closed","ping_status":"closed","template":"elementor_header_footer","meta":{"footnotes":""},"class_list":["post-300","page","type-page","status-publish"],"_links":{"self":[{"href":"https:\/\/www.lasorquideasbiz.com\/hostal\/wp-json\/wp\/v2\/pages\/300"}],"collection":[{"href":"https:\/\/www.lasorquideasbiz.com\/hostal\/wp-json\/wp\/v2\/pages"}],"about":[{"href":"https:\/\/www.lasorquideasbiz.com\/hostal\/wp-json\/wp\/v2\/types\/page"}],"author":[{"embeddable":true,"href":"https:\/\/www.lasorquideasbiz.com\/hostal\/wp-json\/wp\/v2\/users\/1"}],"replies":[{"embeddable":true,"href":"https:\/\/www.lasorquideasbiz.com\/hostal\/wp-json\/wp\/v2\/comments?post=300"}],"version-history":[{"count":59,"href":"https:\/\/www.lasorquideasbiz.com\/hostal\/wp-json\/wp\/v2\/pages\/300\/revisions"}],"predecessor-version":[{"id":1584,"href":"https:\/\/www.lasorquideasbiz.com\/hostal\/wp-json\/wp\/v2\/pages\/300\/revisions\/1584"}],"wp:attachment":[{"href":"https:\/\/www.lasorquideasbiz.com\/hostal\/wp-json\/wp\/v2\/media?parent=300"}],"curies":[{"name":"wp","href":"https:\/\/api.w.org\/{rel}","templated":true}]}}