{"id":42,"date":"2021-04-16T18:39:54","date_gmt":"2021-04-16T23:39:54","guid":{"rendered":"https:\/\/www.lasorquideasbiz.com\/restaurant\/?page_id=42"},"modified":"2021-04-19T21:31:06","modified_gmt":"2021-04-20T02:31:06","slug":"blog","status":"publish","type":"page","link":"https:\/\/www.lasorquideasbiz.com\/restaurant\/blog\/","title":{"rendered":"Blog"},"content":{"rendered":"\t\t<div data-elementor-type=\"wp-page\" data-elementor-id=\"42\" class=\"elementor elementor-42\" data-elementor-post-type=\"page\">\n\t\t\t\t\t\t\t\t\t<section class=\"elementor-section elementor-top-section elementor-element elementor-element-7d52e6d elementor-section-boxed elementor-section-height-default elementor-section-height-default\" data-id=\"7d52e6d\" data-element_type=\"section\" data-settings=\"{&quot;background_background&quot;:&quot;classic&quot;}\">\n\t\t\t\t\t\t\t<div class=\"elementor-background-overlay\"><\/div>\n\t\t\t\t\t\t\t<div class=\"elementor-container elementor-column-gap-default\">\n\t\t\t\t\t<div class=\"elementor-column elementor-col-100 elementor-top-column elementor-element elementor-element-3f1bf45\" data-id=\"3f1bf45\" data-element_type=\"column\">\n\t\t\t<div class=\"elementor-widget-wrap elementor-element-populated\">\n\t\t\t\t\t\t\t\t<div class=\"elementor-element elementor-element-f2fe5b6 elementor-widget elementor-widget-heading\" data-id=\"f2fe5b6\" data-element_type=\"widget\" data-widget_type=\"heading.default\">\n\t\t\t\t<div class=\"elementor-widget-container\">\n\t\t\t<h2 class=\"elementor-heading-title elementor-size-default\">OUR BLOG<\/h2>\t\t<\/div>\n\t\t\t\t<\/div>\n\t\t\t\t<div class=\"elementor-element elementor-element-96d70ab elementor-view-default elementor-widget elementor-widget-icon\" data-id=\"96d70ab\" data-element_type=\"widget\" data-widget_type=\"icon.default\">\n\t\t\t\t<div class=\"elementor-widget-container\">\n\t\t\t\t\t<div class=\"elementor-icon-wrapper\">\n\t\t\t<div class=\"elementor-icon\">\n\t\t\t<svg xmlns=\"http:\/\/www.w3.org\/2000\/svg\" id=\"Capa_1\" data-name=\"Capa 1\" viewBox=\"0 0 268.3 23.2\"><title>line tittle<\/title><path d=\"M5.8,9.4c2.1.1,4.3-.1,6.4-.1h2.6l11.4-.6,13.7-.7L59.4,6.8l4.5-.2L75.2,6l11.4-.5,4.5-.2,18.1-.6,11.2-.3,4.3-.2L142.3,4l17.3-.3h52.2L184.7,4l-11.3.2h-4.9l-16.3.4-18.9.5-3.2.2L120,5.8l-20.4,1-3,.2-10,.6L68.7,8.9l-4.9.4-11.5,1L37.8,11.5,17.6,13.2l-4.9.5L4,14.6c-.3,0-.5.2-.5.6a.5.5,0,0,0,.5.5l3.2.2a2.9,2.9,0,0,0-.2.9,2,2,0,0,0,2.1,2l24.8-1.4,21.5-1.1,23.9-1.1,7.5-.4H89l38.4-1,20.5-.5,7.4-.2,39.3-.6,16.8-.2,14.4-.3,11.8-.5,6-.2,13.4-.9h0a2.6,2.6,0,0,0-.2,1.5,3.1,3.1,0,0,0,.9,1.1,2.3,2.3,0,0,0,1.4.2l2.9-1.2h.4l1.5-.6,1.6-.7,1.8-.9a2.1,2.1,0,0,0,1-1.8,1.9,1.9,0,0,0-.3-1,1.9,1.9,0,0,0-1.2-1l-1.6-.2h-1.3l-2.3.2h-1.9l-5,.4h-1.3a1.6,1.6,0,0,0,.4-.7,4.3,4.3,0,0,0,.1-.5v-1h.1a1.8,1.8,0,0,0,.7-.8,2,2,0,0,0,.3-1.1,1.9,1.9,0,0,0-.3-1l-.3-.5-.9-.5a6.9,6.9,0,0,0-2-.3H188L164.9.6H154.6l-23.1.5-6.6.2H121l-22.8.9-7,.2-3.9.2L64.6,4.1l-11.7.6L32.9,6,15.5,7l-2.8.2-4.4.2h-4c-.1-.4-.5-.7-.8-.6L.9,7.1a1.1,1.1,0,0,0-.9.7A.9.9,0,0,0,.7,8.9l1.1.3h4Zm234-3.2h3.8a1.4,1.4,0,0,0,.5.8h-4.2L228,7.6l-5.4.2h-8.5l-19.4.3-37.6.6-27,.7L89.5,10.6c-2.8,0-5.5.2-8.2.3L58.3,12,35.6,13.1H33.5l6.1-.5,21.3-1.6,7.5-.5,3.8-.3L94.4,9l4.3-.3,6.3-.2,22.8-.9,5-.2h4.9l22.9-.5,10.5-.2,34.1-.2Z\"><\/path><circle cx=\"20.9\" cy=\"22.6\" r=\"0.6\"><\/circle><\/svg>\t\t\t<\/div>\n\t\t<\/div>\n\t\t\t\t<\/div>\n\t\t\t\t<\/div>\n\t\t\t\t\t<\/div>\n\t\t<\/div>\n\t\t\t\t\t\t\t<\/div>\n\t\t<\/section>\n\t\t\t\t<section class=\"elementor-section elementor-top-section elementor-element elementor-element-b0329a2 elementor-section-boxed elementor-section-height-default elementor-section-height-default\" data-id=\"b0329a2\" data-element_type=\"section\">\n\t\t\t\t\t\t<div class=\"elementor-container elementor-column-gap-default\">\n\t\t\t\t\t<div class=\"elementor-column elementor-col-100 elementor-top-column elementor-element elementor-element-313de36\" data-id=\"313de36\" data-element_type=\"column\">\n\t\t\t<div class=\"elementor-widget-wrap elementor-element-populated\">\n\t\t\t\t\t\t\t\t<div class=\"elementor-element elementor-element-ec0f78d elementor-grid-2 elementor-grid-tablet-2 elementor-grid-mobile-1 elementor-posts--thumbnail-top elementor-card-shadow-yes elementor-posts__hover-gradient elementor-widget elementor-widget-posts\" data-id=\"ec0f78d\" data-element_type=\"widget\" data-settings=\"{&quot;cards_columns&quot;:&quot;2&quot;,&quot;pagination_type&quot;:&quot;prev_next&quot;,&quot;cards_columns_tablet&quot;:&quot;2&quot;,&quot;cards_columns_mobile&quot;:&quot;1&quot;,&quot;cards_row_gap&quot;:{&quot;unit&quot;:&quot;px&quot;,&quot;size&quot;:35,&quot;sizes&quot;:[]},&quot;cards_row_gap_tablet&quot;:{&quot;unit&quot;:&quot;px&quot;,&quot;size&quot;:&quot;&quot;,&quot;sizes&quot;:[]},&quot;cards_row_gap_mobile&quot;:{&quot;unit&quot;:&quot;px&quot;,&quot;size&quot;:&quot;&quot;,&quot;sizes&quot;:[]}}\" data-widget_type=\"posts.cards\">\n\t\t\t\t<div class=\"elementor-widget-container\">\n\t\t\t\t\t<div class=\"elementor-posts-container elementor-posts elementor-posts--skin-cards elementor-grid\">\n\t\t\t\t<article class=\"elementor-post elementor-grid-item post-514 post type-post status-publish format-standard has-post-thumbnail hentry category-uncategorized\">\n\t\t\t<div class=\"elementor-post__card\">\n\t\t\t\t<a class=\"elementor-post__thumbnail__link\" href=\"https:\/\/www.lasorquideasbiz.com\/restaurant\/uncategorized\/authentic-colombian-food-in-pompano-beach\/\" ><div class=\"elementor-post__thumbnail\"><img loading=\"lazy\" width=\"1038\" height=\"300\" src=\"https:\/\/www.lasorquideasbiz.com\/restaurant\/wp-content\/uploads\/2021\/04\/pompano_lasorquideas-1038x300-1.jpg\" class=\"attachment-full size-full wp-image-515\" alt=\"\" decoding=\"async\" srcset=\"https:\/\/www.lasorquideasbiz.com\/restaurant\/wp-content\/uploads\/2021\/04\/pompano_lasorquideas-1038x300-1.jpg 1038w, https:\/\/www.lasorquideasbiz.com\/restaurant\/wp-content\/uploads\/2021\/04\/pompano_lasorquideas-1038x300-1-300x87.jpg 300w, https:\/\/www.lasorquideasbiz.com\/restaurant\/wp-content\/uploads\/2021\/04\/pompano_lasorquideas-1038x300-1-1024x296.jpg 1024w, https:\/\/www.lasorquideasbiz.com\/restaurant\/wp-content\/uploads\/2021\/04\/pompano_lasorquideas-1038x300-1-768x222.jpg 768w\" sizes=\"(max-width: 1038px) 100vw, 1038px\" \/><\/div><\/a>\n\t\t\t\t<div class=\"elementor-post__text\">\n\t\t\t\t<h3 class=\"elementor-post__title\">\n\t\t\t<a href=\"https:\/\/www.lasorquideasbiz.com\/restaurant\/uncategorized\/authentic-colombian-food-in-pompano-beach\/\" >\n\t\t\t\tAuthentic Colombian Food in Pompano Beach\t\t\t<\/a>\n\t\t<\/h3>\n\t\t\t\t<div class=\"elementor-post__excerpt\">\n\t\t\t<p>There is no secret that Colombian food is becoming one of the most popular and trendy cuisines in South Florida, many Colombian dishes like fried<\/p>\n\t\t<\/div>\n\t\t\n\t\t<a class=\"elementor-post__read-more\" href=\"https:\/\/www.lasorquideasbiz.com\/restaurant\/uncategorized\/authentic-colombian-food-in-pompano-beach\/\" aria-label=\"Read more about Authentic Colombian Food in Pompano Beach\" >\n\t\t\tRead More \u00bb\t\t<\/a>\n\n\t\t\t\t<\/div>\n\t\t\t\t\t<\/div>\n\t\t<\/article>\n\t\t\t\t<article class=\"elementor-post elementor-grid-item post-508 post type-post status-publish format-standard has-post-thumbnail hentry category-uncategorized\">\n\t\t\t<div class=\"elementor-post__card\">\n\t\t\t\t<a class=\"elementor-post__thumbnail__link\" href=\"https:\/\/www.lasorquideasbiz.com\/restaurant\/uncategorized\/colombian-christmas-and-holidays-foods\/\" ><div class=\"elementor-post__thumbnail\"><img loading=\"lazy\" width=\"1038\" height=\"300\" src=\"https:\/\/www.lasorquideasbiz.com\/restaurant\/wp-content\/uploads\/2021\/04\/colombian_christmasmenu-1-1038x300-1.jpg\" class=\"attachment-full size-full wp-image-509\" alt=\"\" decoding=\"async\" srcset=\"https:\/\/www.lasorquideasbiz.com\/restaurant\/wp-content\/uploads\/2021\/04\/colombian_christmasmenu-1-1038x300-1.jpg 1038w, https:\/\/www.lasorquideasbiz.com\/restaurant\/wp-content\/uploads\/2021\/04\/colombian_christmasmenu-1-1038x300-1-300x87.jpg 300w, https:\/\/www.lasorquideasbiz.com\/restaurant\/wp-content\/uploads\/2021\/04\/colombian_christmasmenu-1-1038x300-1-1024x296.jpg 1024w, https:\/\/www.lasorquideasbiz.com\/restaurant\/wp-content\/uploads\/2021\/04\/colombian_christmasmenu-1-1038x300-1-768x222.jpg 768w\" sizes=\"(max-width: 1038px) 100vw, 1038px\" \/><\/div><\/a>\n\t\t\t\t<div class=\"elementor-post__text\">\n\t\t\t\t<h3 class=\"elementor-post__title\">\n\t\t\t<a href=\"https:\/\/www.lasorquideasbiz.com\/restaurant\/uncategorized\/colombian-christmas-and-holidays-foods\/\" >\n\t\t\t\tColombian Christmas and holidays foods\t\t\t<\/a>\n\t\t<\/h3>\n\t\t\t\t<div class=\"elementor-post__excerpt\">\n\t\t\t<p>The curious case of Colombian Christmas and holidays cuisine! For many Colombians December brings sweet childhood memories of an month-long celebration full of family parties,&nbsp;novenas,<\/p>\n\t\t<\/div>\n\t\t\n\t\t<a class=\"elementor-post__read-more\" href=\"https:\/\/www.lasorquideasbiz.com\/restaurant\/uncategorized\/colombian-christmas-and-holidays-foods\/\" aria-label=\"Read more about Colombian Christmas and holidays foods\" >\n\t\t\tRead More \u00bb\t\t<\/a>\n\n\t\t\t\t<\/div>\n\t\t\t\t\t<\/div>\n\t\t<\/article>\n\t\t\t\t<article class=\"elementor-post elementor-grid-item post-505 post type-post status-publish format-standard has-post-thumbnail hentry category-uncategorized\">\n\t\t\t<div class=\"elementor-post__card\">\n\t\t\t\t<a class=\"elementor-post__thumbnail__link\" href=\"https:\/\/www.lasorquideasbiz.com\/restaurant\/uncategorized\/la-bandeja-paisa-una-historia-por-descubrir-en-el-paladar\/\" ><div class=\"elementor-post__thumbnail\"><img loading=\"lazy\" width=\"1024\" height=\"263\" src=\"https:\/\/www.lasorquideasbiz.com\/restaurant\/wp-content\/uploads\/2021\/04\/bandeja_paisa_lasorquideas2-1.jpg\" class=\"attachment-full size-full wp-image-506\" alt=\"\" decoding=\"async\" srcset=\"https:\/\/www.lasorquideasbiz.com\/restaurant\/wp-content\/uploads\/2021\/04\/bandeja_paisa_lasorquideas2-1.jpg 1024w, https:\/\/www.lasorquideasbiz.com\/restaurant\/wp-content\/uploads\/2021\/04\/bandeja_paisa_lasorquideas2-1-300x77.jpg 300w, https:\/\/www.lasorquideasbiz.com\/restaurant\/wp-content\/uploads\/2021\/04\/bandeja_paisa_lasorquideas2-1-768x197.jpg 768w\" sizes=\"(max-width: 1024px) 100vw, 1024px\" \/><\/div><\/a>\n\t\t\t\t<div class=\"elementor-post__text\">\n\t\t\t\t<h3 class=\"elementor-post__title\">\n\t\t\t<a href=\"https:\/\/www.lasorquideasbiz.com\/restaurant\/uncategorized\/la-bandeja-paisa-una-historia-por-descubrir-en-el-paladar\/\" >\n\t\t\t\tLa Bandeja Paisa \u201cuna historia por descubrir\u201d en el paladar.\t\t\t<\/a>\n\t\t<\/h3>\n\t\t\t\t<div class=\"elementor-post__excerpt\">\n\t\t\t<p>Hablar de uno de los platos t\u00edpicos m\u00e1s importantes de Colombia, es sin duda hablar de la bandeja paisa; para el p\u00fablico que reci\u00e9n se<\/p>\n\t\t<\/div>\n\t\t\n\t\t<a class=\"elementor-post__read-more\" href=\"https:\/\/www.lasorquideasbiz.com\/restaurant\/uncategorized\/la-bandeja-paisa-una-historia-por-descubrir-en-el-paladar\/\" aria-label=\"Read more about La Bandeja Paisa \u201cuna historia por descubrir\u201d en el paladar.\" >\n\t\t\tRead More \u00bb\t\t<\/a>\n\n\t\t\t\t<\/div>\n\t\t\t\t\t<\/div>\n\t\t<\/article>\n\t\t\t\t<article class=\"elementor-post elementor-grid-item post-496 post type-post status-publish format-standard has-post-thumbnail hentry category-uncategorized\">\n\t\t\t<div class=\"elementor-post__card\">\n\t\t\t\t<a class=\"elementor-post__thumbnail__link\" href=\"https:\/\/www.lasorquideasbiz.com\/restaurant\/uncategorized\/la-salchipapa-the-ultimate-colombian-snack\/\" ><div class=\"elementor-post__thumbnail\"><img loading=\"lazy\" width=\"1024\" height=\"263\" src=\"https:\/\/www.lasorquideasbiz.com\/restaurant\/wp-content\/uploads\/2021\/04\/la_salchipapa.jpg\" class=\"attachment-full size-full wp-image-498\" alt=\"\" decoding=\"async\" srcset=\"https:\/\/www.lasorquideasbiz.com\/restaurant\/wp-content\/uploads\/2021\/04\/la_salchipapa.jpg 1024w, https:\/\/www.lasorquideasbiz.com\/restaurant\/wp-content\/uploads\/2021\/04\/la_salchipapa-300x77.jpg 300w, https:\/\/www.lasorquideasbiz.com\/restaurant\/wp-content\/uploads\/2021\/04\/la_salchipapa-768x197.jpg 768w\" sizes=\"(max-width: 1024px) 100vw, 1024px\" \/><\/div><\/a>\n\t\t\t\t<div class=\"elementor-post__text\">\n\t\t\t\t<h3 class=\"elementor-post__title\">\n\t\t\t<a href=\"https:\/\/www.lasorquideasbiz.com\/restaurant\/uncategorized\/la-salchipapa-the-ultimate-colombian-snack\/\" >\n\t\t\t\tLa Salchipapa! the ultimate colombian snack!\t\t\t<\/a>\n\t\t<\/h3>\n\t\t\t\t<div class=\"elementor-post__excerpt\">\n\t\t\t<p>La salchipapa is a real treat! crunchy fried potatoes mixed with juicy sausage chunks and covered with a creamy \u201csalsa rosada\u201dThe term Salchipapa comes from<\/p>\n\t\t<\/div>\n\t\t\n\t\t<a class=\"elementor-post__read-more\" href=\"https:\/\/www.lasorquideasbiz.com\/restaurant\/uncategorized\/la-salchipapa-the-ultimate-colombian-snack\/\" aria-label=\"Read more about La Salchipapa! the ultimate colombian snack!\" >\n\t\t\tRead More \u00bb\t\t<\/a>\n\n\t\t\t\t<\/div>\n\t\t\t\t\t<\/div>\n\t\t<\/article>\n\t\t\t\t<article class=\"elementor-post elementor-grid-item post-472 post type-post status-publish format-standard has-post-thumbnail hentry category-uncategorized\">\n\t\t\t<div class=\"elementor-post__card\">\n\t\t\t\t<a class=\"elementor-post__thumbnail__link\" href=\"https:\/\/www.lasorquideasbiz.com\/restaurant\/uncategorized\/la-arepa-de-choclo-a-sweet-treat\/\" ><div class=\"elementor-post__thumbnail\"><img loading=\"lazy\" width=\"1038\" height=\"576\" src=\"https:\/\/www.lasorquideasbiz.com\/restaurant\/wp-content\/uploads\/2021\/04\/arepa_de_choclo.jpg\" class=\"attachment-full size-full wp-image-473\" alt=\"\" decoding=\"async\" srcset=\"https:\/\/www.lasorquideasbiz.com\/restaurant\/wp-content\/uploads\/2021\/04\/arepa_de_choclo.jpg 1038w, https:\/\/www.lasorquideasbiz.com\/restaurant\/wp-content\/uploads\/2021\/04\/arepa_de_choclo-300x166.jpg 300w, https:\/\/www.lasorquideasbiz.com\/restaurant\/wp-content\/uploads\/2021\/04\/arepa_de_choclo-1024x568.jpg 1024w, https:\/\/www.lasorquideasbiz.com\/restaurant\/wp-content\/uploads\/2021\/04\/arepa_de_choclo-768x426.jpg 768w\" sizes=\"(max-width: 1038px) 100vw, 1038px\" \/><\/div><\/a>\n\t\t\t\t<div class=\"elementor-post__text\">\n\t\t\t\t<h3 class=\"elementor-post__title\">\n\t\t\t<a href=\"https:\/\/www.lasorquideasbiz.com\/restaurant\/uncategorized\/la-arepa-de-choclo-a-sweet-treat\/\" >\n\t\t\t\tLa arepa de Choclo, a sweet treat!\t\t\t<\/a>\n\t\t<\/h3>\n\t\t\t\t<div class=\"elementor-post__excerpt\">\n\t\t\t<p>Depending on who you ask, \u201cArepa\u201d&nbsp;can mean something very different for each person, originating from the northern region of&nbsp;South America&nbsp;in&nbsp;pre-Columbian&nbsp;times, \u201cLa Arepa\u201d&nbsp;is a staple of<\/p>\n\t\t<\/div>\n\t\t\n\t\t<a class=\"elementor-post__read-more\" href=\"https:\/\/www.lasorquideasbiz.com\/restaurant\/uncategorized\/la-arepa-de-choclo-a-sweet-treat\/\" aria-label=\"Read more about La arepa de Choclo, a sweet treat!\" >\n\t\t\tRead More \u00bb\t\t<\/a>\n\n\t\t\t\t<\/div>\n\t\t\t\t\t<\/div>\n\t\t<\/article>\n\t\t\t\t<\/div>\n\t\t\n\t\t\t\t<\/div>\n\t\t\t\t<\/div>\n\t\t\t\t\t<\/div>\n\t\t<\/div>\n\t\t\t\t\t\t\t<\/div>\n\t\t<\/section>\n\t\t\t\t\t\t\t<\/div>\n\t\t","protected":false},"excerpt":{"rendered":"<p>OUR BLOG line tittle<\/p>\n","protected":false},"author":1,"featured_media":0,"parent":0,"menu_order":0,"comment_status":"closed","ping_status":"closed","template":"elementor_header_footer","meta":{"footnotes":""},"_links":{"self":[{"href":"https:\/\/www.lasorquideasbiz.com\/restaurant\/wp-json\/wp\/v2\/pages\/42"}],"collection":[{"href":"https:\/\/www.lasorquideasbiz.com\/restaurant\/wp-json\/wp\/v2\/pages"}],"about":[{"href":"https:\/\/www.lasorquideasbiz.com\/restaurant\/wp-json\/wp\/v2\/types\/page"}],"author":[{"embeddable":true,"href":"https:\/\/www.lasorquideasbiz.com\/restaurant\/wp-json\/wp\/v2\/users\/1"}],"replies":[{"embeddable":true,"href":"https:\/\/www.lasorquideasbiz.com\/restaurant\/wp-json\/wp\/v2\/comments?post=42"}],"version-history":[{"count":22,"href":"https:\/\/www.lasorquideasbiz.com\/restaurant\/wp-json\/wp\/v2\/pages\/42\/revisions"}],"predecessor-version":[{"id":519,"href":"https:\/\/www.lasorquideasbiz.com\/restaurant\/wp-json\/wp\/v2\/pages\/42\/revisions\/519"}],"wp:attachment":[{"href":"https:\/\/www.lasorquideasbiz.com\/restaurant\/wp-json\/wp\/v2\/media?parent=42"}],"curies":[{"name":"wp","href":"https:\/\/api.w.org\/{rel}","templated":true}]}}